{"id":1217,"date":"2025-05-21T16:04:46","date_gmt":"2025-05-21T16:04:46","guid":{"rendered":"http:\/\/facfb.local\/?page_id=1217"},"modified":"2025-12-05T20:03:38","modified_gmt":"2025-12-05T20:03:38","slug":"objetivos","status":"publish","type":"page","link":"https:\/\/fcfb.farbio.edu.bo\/?page_id=1217","title":{"rendered":"OBJETIVOS"},"content":{"rendered":"\t\t<div data-elementor-type=\"wp-page\" data-elementor-id=\"1217\" class=\"elementor elementor-1217\" data-elementor-post-type=\"page\">\n\t\t\t\t<div class=\"elementor-element elementor-element-1b50ce4c e-con-full e-flex e-con e-parent\" data-id=\"1b50ce4c\" data-element_type=\"container\" data-e-type=\"container\" data-settings=\"{&quot;background_background&quot;:&quot;classic&quot;}\">\n\t\t\t\t<div class=\"elementor-element elementor-element-780eae9a animated-slow elementor-invisible elementor-widget elementor-widget-heading\" data-id=\"780eae9a\" data-element_type=\"widget\" data-e-type=\"widget\" data-settings=\"{&quot;_animation&quot;:&quot;slideInUp&quot;}\" data-widget_type=\"heading.default\">\n\t\t\t\t<div class=\"elementor-widget-container\">\n\t\t\t\t\t<h2 class=\"elementor-heading-title elementor-size-default\">Objetivos<\/h2>\t\t\t\t<\/div>\n\t\t\t\t<\/div>\n\t\t<div class=\"elementor-element elementor-element-5bfd02c6 e-con-full e-flex e-con e-child\" data-id=\"5bfd02c6\" data-element_type=\"container\" data-e-type=\"container\">\n\t\t<div class=\"elementor-element elementor-element-e8250c0 e-con-full e-flex e-con e-child\" data-id=\"e8250c0\" data-element_type=\"container\" data-e-type=\"container\">\n\t\t\t\t<div class=\"elementor-element elementor-element-4be18bb elementor-widget elementor-widget-text-editor\" data-id=\"4be18bb\" data-element_type=\"widget\" data-e-type=\"widget\" data-widget_type=\"text-editor.default\">\n\t\t\t\t<div class=\"elementor-widget-container\">\n\t\t\t\t\t\t\t\t\t<p>a) Formar Profesionales Qu\u00edmico-Farmac\u00e9utico con conciencia cr\u00edtica y mentalidad creativa, que les permita desarrollar aptitudes en los campos de la Investigaci\u00f3n, producci\u00f3n y servicio y posean un sentido pr\u00e1ctico, realista y solidaria, acorde a las necesidades sociales transformaci\u00f3n y superaci\u00f3n del atraso del Pa\u00eds.<\/p>\t\t\t\t\t\t\t\t<\/div>\n\t\t\t\t<\/div>\n\t\t\t\t<div class=\"elementor-element elementor-element-3553800 elementor-widget elementor-widget-text-editor\" data-id=\"3553800\" data-element_type=\"widget\" data-e-type=\"widget\" data-widget_type=\"text-editor.default\">\n\t\t\t\t<div class=\"elementor-widget-container\">\n\t\t\t\t\t\t\t\t\t<p>b) \u00a0La Carrera Qu\u00edmica Farmac\u00e9utica tiene el objetivo de formar Qu\u00edmico-Farmac\u00e9uticos a nivel de licenciatura y Cuarto Nivel, que posean conocimientos en las \u00e1reas de Investigaci\u00f3n, Producci\u00f3n, Servicio, desarrollo y transformaci\u00f3n del medicamento del alimento, del cosm\u00e9tico, del toxico y de otros inherentes, a trav\u00e9s del proceso de ense\u00f1anza-aprendizaje adecuado a las necesidades del Pa\u00eds.<\/p>\t\t\t\t\t\t\t\t<\/div>\n\t\t\t\t<\/div>\n\t\t\t\t<div class=\"elementor-element elementor-element-bc0abae elementor-widget elementor-widget-text-editor\" data-id=\"bc0abae\" data-element_type=\"widget\" data-e-type=\"widget\" data-widget_type=\"text-editor.default\">\n\t\t\t\t<div class=\"elementor-widget-container\">\n\t\t\t\t\t\t\t\t\t<p>c) \u00a0La Carrera de Bioqu\u00edmica tiene como objetivo formas Bioqu\u00edmicos a nivel licenciatura y Cuarto Nivel, que posean conocimientos en las \u00e1reas de Investigaci\u00f3n, producci\u00f3n, servicios y desarrollo, a trav\u00e9s de un proceso de ense\u00f1anza y \u00a0aprendizaje en el Tercer y Cuarto Nivel, que faculta el Estatuto Org\u00e1nico de la Universidad en sus art\u00edculos 50 y 52 de acuerdo a las necesidades del Pa\u00eds.<\/p>\t\t\t\t\t\t\t\t<\/div>\n\t\t\t\t<\/div>\n\t\t\t\t<\/div>\n\t\t<div class=\"elementor-element elementor-element-5e5ea956 animated-slow e-con-full e-flex elementor-invisible e-con e-child\" data-id=\"5e5ea956\" data-element_type=\"container\" data-e-type=\"container\" data-settings=\"{&quot;background_background&quot;:&quot;classic&quot;,&quot;animation&quot;:&quot;fadeInUp&quot;,&quot;animation_delay&quot;:600}\">\n\t\t\t\t<\/div>\n\t\t\t\t<\/div>\n\t\t\t\t<\/div>\n\t\t\t\t<\/div>\n\t\t","protected":false},"excerpt":{"rendered":"<p>Objetivos a) Formar Profesionales Qu\u00edmico-Farmac\u00e9utico con conciencia cr\u00edtica y mentalidad creativa, que les permita desarrollar aptitudes en los campos de [&hellip;]<\/p>\n","protected":false},"author":1,"featured_media":0,"parent":0,"menu_order":0,"comment_status":"closed","ping_status":"closed","template":"","meta":{"site-sidebar-layout":"no-sidebar","site-content-layout":"page-builder","ast-site-content-layout":"full-width-container","site-content-style":"default","site-sidebar-style":"default","ast-global-header-display":"","ast-banner-title-visibility":"","ast-main-header-display":"","ast-hfb-above-header-display":"","ast-hfb-below-header-display":"","ast-hfb-mobile-header-display":"","site-post-title":"disabled","ast-breadcrumbs-content":"","ast-featured-img":"disabled","footer-sml-layout":"","ast-disable-related-posts":"","theme-transparent-header-meta":"","adv-header-id-meta":"","stick-header-meta":"","header-above-stick-meta":"","header-main-stick-meta":"","header-below-stick-meta":"","astra-migrate-meta-layouts":"set","ast-page-background-enabled":"default","ast-page-background-meta":{"desktop":{"background-color":"","background-image":"","background-repeat":"repeat","background-position":"center center","background-size":"auto","background-attachment":"scroll","background-type":"","background-media":"","overlay-type":"","overlay-color":"","overlay-opacity":"","overlay-gradient":""},"tablet":{"background-color":"","background-image":"","background-repeat":"repeat","background-position":"center center","background-size":"auto","background-attachment":"scroll","background-type":"","background-media":"","overlay-type":"","overlay-color":"","overlay-opacity":"","overlay-gradient":""},"mobile":{"background-color":"","background-image":"","background-repeat":"repeat","background-position":"center center","background-size":"auto","background-attachment":"scroll","background-type":"","background-media":"","overlay-type":"","overlay-color":"","overlay-opacity":"","overlay-gradient":""}},"ast-content-background-meta":{"desktop":{"background-color":"var(--ast-global-color-5)","background-image":"","background-repeat":"repeat","background-position":"center center","background-size":"auto","background-attachment":"scroll","background-type":"","background-media":"","overlay-type":"","overlay-color":"","overlay-opacity":"","overlay-gradient":""},"tablet":{"background-color":"var(--ast-global-color-5)","background-image":"","background-repeat":"repeat","background-position":"center center","background-size":"auto","background-attachment":"scroll","background-type":"","background-media":"","overlay-type":"","overlay-color":"","overlay-opacity":"","overlay-gradient":""},"mobile":{"background-color":"var(--ast-global-color-5)","background-image":"","background-repeat":"repeat","background-position":"center center","background-size":"auto","background-attachment":"scroll","background-type":"","background-media":"","overlay-type":"","overlay-color":"","overlay-opacity":"","overlay-gradient":""}},"footnotes":""},"class_list":["post-1217","page","type-page","status-publish","hentry"],"_links":{"self":[{"href":"https:\/\/fcfb.farbio.edu.bo\/index.php?rest_route=\/wp\/v2\/pages\/1217","targetHints":{"allow":["GET"]}}],"collection":[{"href":"https:\/\/fcfb.farbio.edu.bo\/index.php?rest_route=\/wp\/v2\/pages"}],"about":[{"href":"https:\/\/fcfb.farbio.edu.bo\/index.php?rest_route=\/wp\/v2\/types\/page"}],"author":[{"embeddable":true,"href":"https:\/\/fcfb.farbio.edu.bo\/index.php?rest_route=\/wp\/v2\/users\/1"}],"replies":[{"embeddable":true,"href":"https:\/\/fcfb.farbio.edu.bo\/index.php?rest_route=%2Fwp%2Fv2%2Fcomments&post=1217"}],"version-history":[{"count":12,"href":"https:\/\/fcfb.farbio.edu.bo\/index.php?rest_route=\/wp\/v2\/pages\/1217\/revisions"}],"predecessor-version":[{"id":1731,"href":"https:\/\/fcfb.farbio.edu.bo\/index.php?rest_route=\/wp\/v2\/pages\/1217\/revisions\/1731"}],"wp:attachment":[{"href":"https:\/\/fcfb.farbio.edu.bo\/index.php?rest_route=%2Fwp%2Fv2%2Fmedia&parent=1217"}],"curies":[{"name":"wp","href":"https:\/\/api.w.org\/{rel}","templated":true}]}}