{"id":1215,"date":"2025-05-21T16:04:09","date_gmt":"2025-05-21T16:04:09","guid":{"rendered":"http:\/\/facfb.local\/?page_id=1215"},"modified":"2025-12-05T20:01:41","modified_gmt":"2025-12-05T20:01:41","slug":"mision-y-vision","status":"publish","type":"page","link":"https:\/\/fcfb.farbio.edu.bo\/?page_id=1215","title":{"rendered":"MISI\u00d3N Y VISI\u00d3N"},"content":{"rendered":"\t\t<div data-elementor-type=\"wp-page\" data-elementor-id=\"1215\" class=\"elementor elementor-1215\" data-elementor-post-type=\"page\">\n\t\t\t\t<div class=\"elementor-element elementor-element-zkapdn5 e-flex e-con-boxed e-con e-parent\" data-id=\"zkapdn5\" data-element_type=\"container\" data-e-type=\"container\">\n\t\t\t\t\t<div class=\"e-con-inner\">\n\t\t<div class=\"elementor-element elementor-element-d901e05 e-con-full e-flex e-con e-child\" data-id=\"d901e05\" data-element_type=\"container\" data-e-type=\"container\">\n\t\t<div class=\"elementor-element elementor-element-26e6360 e-con-full e-flex e-con e-child\" data-id=\"26e6360\" data-element_type=\"container\" data-e-type=\"container\">\n\t\t\t\t<div class=\"elementor-element elementor-element-56b9fce elementor-widget elementor-widget-icon-box\" data-id=\"56b9fce\" data-element_type=\"widget\" data-e-type=\"widget\" data-widget_type=\"icon-box.default\">\n\t\t\t\t<div class=\"elementor-widget-container\">\n\t\t\t\t\t\t\t<div class=\"elementor-icon-box-wrapper\">\n\n\t\t\t\n\t\t\t\t\t\t<div class=\"elementor-icon-box-content\">\n\n\t\t\t\t\t\t\t\t\t<h3 class=\"elementor-icon-box-title\">\n\t\t\t\t\t\t<span  >\n\t\t\t\t\t\t\tMISI\u00d3N\t\t\t\t\t\t<\/span>\n\t\t\t\t\t<\/h3>\n\t\t\t\t\n\t\t\t\t\t\t\t\t\t<p class=\"elementor-icon-box-description\">\n\t\t\t\t\t\tLa Facultad de Ciencias Farmac\u00e9uticas y Bioqu\u00edmicas es una unidad acad\u00e9mica de la Universidad Mayor de San Andr\u00e9s que forma profesionales Qu\u00edmicos Farmac\u00e9uticos y Bioqu\u00edmicos con alto nivel cient\u00edfico, investigativo y human\u00edstico con capacidad de vinculaci\u00f3n y respuesta social que busca la formaci\u00f3n de excelencia y que coadyuve a la soluci\u00f3n de los problemas de salud de la sociedad a nivel local, regional y nacional.\t\t\t\t\t<\/p>\n\t\t\t\t\n\t\t\t<\/div>\n\t\t\t\n\t\t<\/div>\n\t\t\t\t\t\t<\/div>\n\t\t\t\t<\/div>\n\t\t\t\t<\/div>\n\t\t<div class=\"elementor-element elementor-element-0c893ef e-con-full e-flex e-con e-child\" data-id=\"0c893ef\" data-element_type=\"container\" data-e-type=\"container\" data-settings=\"{&quot;background_background&quot;:&quot;classic&quot;}\">\n\t\t\t\t<\/div>\n\t\t\t\t<\/div>\n\t\t<div class=\"elementor-element elementor-element-c58e727 e-con-full e-flex e-con e-child\" data-id=\"c58e727\" data-element_type=\"container\" data-e-type=\"container\" data-settings=\"{&quot;background_background&quot;:&quot;classic&quot;}\">\n\t\t\t\t<\/div>\n\t\t<div class=\"elementor-element elementor-element-1e71b20 e-con-full e-flex e-con e-child\" data-id=\"1e71b20\" data-element_type=\"container\" data-e-type=\"container\">\n\t\t\t\t<div class=\"elementor-element elementor-element-348ee14 elementor-widget elementor-widget-icon-box\" data-id=\"348ee14\" data-element_type=\"widget\" data-e-type=\"widget\" data-widget_type=\"icon-box.default\">\n\t\t\t\t<div class=\"elementor-widget-container\">\n\t\t\t\t\t\t\t<div class=\"elementor-icon-box-wrapper\">\n\n\t\t\t\n\t\t\t\t\t\t<div class=\"elementor-icon-box-content\">\n\n\t\t\t\t\t\t\t\t\t<h3 class=\"elementor-icon-box-title\">\n\t\t\t\t\t\t<span  >\n\t\t\t\t\t\t\tVISI\u00d3N\t\t\t\t\t\t<\/span>\n\t\t\t\t\t<\/h3>\n\t\t\t\t\n\t\t\t\t\t\t\t\t\t<p class=\"elementor-icon-box-description\">\n\t\t\t\t\t\tHasta el a\u00f1o 2022 la Facultad de Ciencias Farmac\u00e9uticas y Bioqu\u00edmicas ser\u00e1 una unidad acad\u00e9mica acreditada NACIONAL E INTERNACIONALMENTE, de excelencia, con capacidad cient\u00edfico t\u00e9cnica, y productiva que forma profesionales Qu\u00edmicos Farmac\u00e9uticos y Bioqu\u00edmicos en el \u00e1rea de la salud y otras relacionadas con su ejercicio profesional que responda a las demandas de la sociedad y constituirse en un referente nacional e internacional.\t\t\t\t\t<\/p>\n\t\t\t\t\n\t\t\t<\/div>\n\t\t\t\n\t\t<\/div>\n\t\t\t\t\t\t<\/div>\n\t\t\t\t<\/div>\n\t\t\t\t<\/div>\n\t\t\t\t\t<\/div>\n\t\t\t\t<\/div>\n\t\t\t\t<\/div>\n\t\t","protected":false},"excerpt":{"rendered":"<p>MISI\u00d3N La Facultad de Ciencias Farmac\u00e9uticas y Bioqu\u00edmicas es una unidad acad\u00e9mica de la Universidad Mayor de San Andr\u00e9s que [&hellip;]<\/p>\n","protected":false},"author":1,"featured_media":0,"parent":0,"menu_order":0,"comment_status":"closed","ping_status":"closed","template":"","meta":{"site-sidebar-layout":"no-sidebar","site-content-layout":"page-builder","ast-site-content-layout":"full-width-container","site-content-style":"default","site-sidebar-style":"default","ast-global-header-display":"","ast-banner-title-visibility":"","ast-main-header-display":"","ast-hfb-above-header-display":"","ast-hfb-below-header-display":"","ast-hfb-mobile-header-display":"","site-post-title":"disabled","ast-breadcrumbs-content":"","ast-featured-img":"disabled","footer-sml-layout":"","ast-disable-related-posts":"","theme-transparent-header-meta":"","adv-header-id-meta":"","stick-header-meta":"","header-above-stick-meta":"","header-main-stick-meta":"","header-below-stick-meta":"","astra-migrate-meta-layouts":"set","ast-page-background-enabled":"default","ast-page-background-meta":{"desktop":{"background-color":"","background-image":"","background-repeat":"repeat","background-position":"center center","background-size":"auto","background-attachment":"scroll","background-type":"","background-media":"","overlay-type":"","overlay-color":"","overlay-opacity":"","overlay-gradient":""},"tablet":{"background-color":"","background-image":"","background-repeat":"repeat","background-position":"center center","background-size":"auto","background-attachment":"scroll","background-type":"","background-media":"","overlay-type":"","overlay-color":"","overlay-opacity":"","overlay-gradient":""},"mobile":{"background-color":"","background-image":"","background-repeat":"repeat","background-position":"center center","background-size":"auto","background-attachment":"scroll","background-type":"","background-media":"","overlay-type":"","overlay-color":"","overlay-opacity":"","overlay-gradient":""}},"ast-content-background-meta":{"desktop":{"background-color":"var(--ast-global-color-5)","background-image":"","background-repeat":"repeat","background-position":"center center","background-size":"auto","background-attachment":"scroll","background-type":"","background-media":"","overlay-type":"","overlay-color":"","overlay-opacity":"","overlay-gradient":""},"tablet":{"background-color":"var(--ast-global-color-5)","background-image":"","background-repeat":"repeat","background-position":"center center","background-size":"auto","background-attachment":"scroll","background-type":"","background-media":"","overlay-type":"","overlay-color":"","overlay-opacity":"","overlay-gradient":""},"mobile":{"background-color":"var(--ast-global-color-5)","background-image":"","background-repeat":"repeat","background-position":"center center","background-size":"auto","background-attachment":"scroll","background-type":"","background-media":"","overlay-type":"","overlay-color":"","overlay-opacity":"","overlay-gradient":""}},"footnotes":""},"class_list":["post-1215","page","type-page","status-publish","hentry"],"_links":{"self":[{"href":"https:\/\/fcfb.farbio.edu.bo\/index.php?rest_route=\/wp\/v2\/pages\/1215","targetHints":{"allow":["GET"]}}],"collection":[{"href":"https:\/\/fcfb.farbio.edu.bo\/index.php?rest_route=\/wp\/v2\/pages"}],"about":[{"href":"https:\/\/fcfb.farbio.edu.bo\/index.php?rest_route=\/wp\/v2\/types\/page"}],"author":[{"embeddable":true,"href":"https:\/\/fcfb.farbio.edu.bo\/index.php?rest_route=\/wp\/v2\/users\/1"}],"replies":[{"embeddable":true,"href":"https:\/\/fcfb.farbio.edu.bo\/index.php?rest_route=%2Fwp%2Fv2%2Fcomments&post=1215"}],"version-history":[{"count":18,"href":"https:\/\/fcfb.farbio.edu.bo\/index.php?rest_route=\/wp\/v2\/pages\/1215\/revisions"}],"predecessor-version":[{"id":1728,"href":"https:\/\/fcfb.farbio.edu.bo\/index.php?rest_route=\/wp\/v2\/pages\/1215\/revisions\/1728"}],"wp:attachment":[{"href":"https:\/\/fcfb.farbio.edu.bo\/index.php?rest_route=%2Fwp%2Fv2%2Fmedia&parent=1215"}],"curies":[{"name":"wp","href":"https:\/\/api.w.org\/{rel}","templated":true}]}}