{"id":1211,"date":"2025-05-21T16:02:45","date_gmt":"2025-05-21T16:02:45","guid":{"rendered":"http:\/\/facfb.local\/?page_id=1211"},"modified":"2025-05-21T16:02:45","modified_gmt":"2025-05-21T16:02:45","slug":"la-facu","status":"publish","type":"page","link":"https:\/\/fcfb.farbio.edu.bo\/?page_id=1211","title":{"rendered":"LA FACU"},"content":{"rendered":"\t\t<div data-elementor-type=\"wp-page\" data-elementor-id=\"1211\" class=\"elementor elementor-1211\" data-elementor-post-type=\"page\">\n\t\t\t\t<div class=\"elementor-element elementor-element-u1ngtw4 e-flex e-con-boxed e-con e-parent\" data-id=\"u1ngtw4\" data-element_type=\"container\" data-e-type=\"container\" data-settings=\"{&quot;background_background&quot;:&quot;classic&quot;}\">\n\t\t\t\t\t<div class=\"e-con-inner\">\n\t\t<div class=\"elementor-element elementor-element-10882c3 e-con-full e-flex e-con e-child\" data-id=\"10882c3\" data-element_type=\"container\" data-e-type=\"container\">\n\t\t\t\t<div class=\"elementor-element elementor-element-5f902ed elementor-widget-mobile__width-inherit elementor-widget elementor-widget-heading\" data-id=\"5f902ed\" data-element_type=\"widget\" data-e-type=\"widget\" data-widget_type=\"heading.default\">\n\t\t\t\t<div class=\"elementor-widget-container\">\n\t\t\t\t\t<h1 class=\"elementor-heading-title elementor-size-default\">Bienvenidos<\/h1>\t\t\t\t<\/div>\n\t\t\t\t<\/div>\n\t\t\t\t<\/div>\n\t\t<div class=\"elementor-element elementor-element-5f9f3c2 e-con-full e-flex e-con e-child\" data-id=\"5f9f3c2\" data-element_type=\"container\" data-e-type=\"container\">\n\t\t\t\t<div class=\"elementor-element elementor-element-a447854 elementor-widget elementor-widget-image\" data-id=\"a447854\" data-element_type=\"widget\" data-e-type=\"widget\" data-widget_type=\"image.default\">\n\t\t\t\t<div class=\"elementor-widget-container\">\n\t\t\t\t\t\t\t\t\t\t\t\t\t\t\t<img decoding=\"async\" src=\"http:\/\/facfb.local\/wp-content\/uploads\/2025\/05\/Logo-FCFB-final-2.png\" title=\"\" alt=\"\" loading=\"lazy\" \/>\t\t\t\t\t\t\t\t\t\t\t\t\t\t\t<\/div>\n\t\t\t\t<\/div>\n\t\t\t\t<\/div>\n\t\t\t\t\t<\/div>\n\t\t\t\t<\/div>\n\t\t<div class=\"elementor-element elementor-element-ial3foo e-flex e-con-boxed e-con e-parent\" data-id=\"ial3foo\" data-element_type=\"container\" data-e-type=\"container\" data-settings=\"{&quot;background_background&quot;:&quot;classic&quot;}\">\n\t\t\t\t\t<div class=\"e-con-inner\">\n\t\t<div class=\"elementor-element elementor-element-46d74cb e-flex e-con-boxed e-con e-child\" data-id=\"46d74cb\" data-element_type=\"container\" data-e-type=\"container\">\n\t\t\t\t\t<div class=\"e-con-inner\">\n\t\t\t\t<div class=\"elementor-element elementor-element-f5b5dfb elementor-widget elementor-widget-heading\" data-id=\"f5b5dfb\" data-element_type=\"widget\" data-e-type=\"widget\" data-widget_type=\"heading.default\">\n\t\t\t\t<div class=\"elementor-widget-container\">\n\t\t\t\t\t<h2 class=\"elementor-heading-title elementor-size-default\">Facultad de Ciencias Farmac\u00e9uticas y Bioqu\u00edmicas<\/h2>\t\t\t\t<\/div>\n\t\t\t\t<\/div>\n\t\t<div class=\"elementor-element elementor-element-36d454a e-flex e-con-boxed e-con e-child\" data-id=\"36d454a\" data-element_type=\"container\" data-e-type=\"container\">\n\t\t\t\t\t<div class=\"e-con-inner\">\n\t\t<div class=\"elementor-element elementor-element-196fed1 e-con-full e-flex e-con e-child\" data-id=\"196fed1\" data-element_type=\"container\" data-e-type=\"container\">\n\t\t\t\t<div class=\"elementor-element elementor-element-9d8dbcc elementor-widget elementor-widget-image\" data-id=\"9d8dbcc\" data-element_type=\"widget\" data-e-type=\"widget\" data-widget_type=\"image.default\">\n\t\t\t\t<div class=\"elementor-widget-container\">\n\t\t\t\t\t\t\t\t\t\t\t\t\t\t\t<img decoding=\"async\" src=\"http:\/\/facfb.local\/wp-content\/uploads\/2025\/05\/WhatsApp-Image-2025-05-18-at-16.40.23.jpeg\" title=\"\" alt=\"\" loading=\"lazy\" \/>\t\t\t\t\t\t\t\t\t\t\t\t\t\t\t<\/div>\n\t\t\t\t<\/div>\n\t\t\t\t<\/div>\n\t\t<div class=\"elementor-element elementor-element-0760d69 e-con-full e-flex e-con e-child\" data-id=\"0760d69\" data-element_type=\"container\" data-e-type=\"container\">\n\t\t\t\t<div class=\"elementor-element elementor-element-0142d16 elementor-vertical-align-top elementor-widget elementor-widget-image-box\" data-id=\"0142d16\" data-element_type=\"widget\" data-e-type=\"widget\" data-widget_type=\"image-box.default\">\n\t\t\t\t<div class=\"elementor-widget-container\">\n\t\t\t\t\t<div class=\"elementor-image-box-wrapper\"><div class=\"elementor-image-box-content\"><p class=\"elementor-image-box-description\">Les doy la m\u00e1s cordial bienvenida como integrantes de la Universidad Mayor de San Andr\u00e9s a \u00e9sta, su Facultad. Los exhorto a que aprovechen todo lo que les brinda la Universidad, donde tenemos como objetivo proporcionarles una formaci\u00f3n integral. Por ello, adem\u00e1s de los conocimientos te\u00f3ricos y pr\u00e1cticos, tendr\u00e1n la posibilidad de realizar numerosas actividades deportivas y recreativas; de presenciar y participar en diversos eventos art\u00edsticos y culturales; de tomar cursos y talleres en distintas \u00e1reas del conocimiento; de aprender nuevos idiomas, y tambi\u00e9n, de utilizar las m\u00e1s modernas tecnolog\u00edas de la informaci\u00f3n y la comunicaci\u00f3n.<\/p><\/div><\/div>\t\t\t\t<\/div>\n\t\t\t\t<\/div>\n\t\t\t\t<\/div>\n\t\t\t\t\t<\/div>\n\t\t\t\t<\/div>\n\t\t<div class=\"elementor-element elementor-element-1bdbf3c e-flex e-con-boxed e-con e-child\" data-id=\"1bdbf3c\" data-element_type=\"container\" data-e-type=\"container\">\n\t\t\t\t\t<div class=\"e-con-inner\">\n\t\t\t\t<div class=\"elementor-element elementor-element-47c0e46 elementor-widget__width-initial elementor-widget-mobile__width-inherit elementor-vertical-align-top elementor-widget elementor-widget-image-box\" data-id=\"47c0e46\" data-element_type=\"widget\" data-e-type=\"widget\" data-widget_type=\"image-box.default\">\n\t\t\t\t<div class=\"elementor-widget-container\">\n\t\t\t\t\t<div class=\"elementor-image-box-wrapper\"><div class=\"elementor-image-box-content\"><p class=\"elementor-image-box-description\">En nuestra casa de estudios queremos que ustedes desarrollen los valores que les permitan desempe\u00f1arse como ciudadanos comprometidos con su sociedad. Ciudadanos con una conciencia cr\u00edtica que sepan distinguir la informaci\u00f3n, generarla y procesarla hasta convertirla en conocimiento \u00fatil a la sociedad.<\/p><\/div><\/div>\t\t\t\t<\/div>\n\t\t\t\t<\/div>\n\t\t\t\t\t<\/div>\n\t\t\t\t<\/div>\n\t\t\t\t\t<\/div>\n\t\t\t\t<\/div>\n\t\t\t\t\t<\/div>\n\t\t\t\t<\/div>\n\t\t<div class=\"elementor-element elementor-element-a789d77 e-flex e-con-boxed e-con e-parent\" data-id=\"a789d77\" data-element_type=\"container\" data-e-type=\"container\">\n\t\t\t\t\t<div class=\"e-con-inner\">\n\t\t<div class=\"elementor-element elementor-element-909707a e-con-full e-flex e-con e-child\" data-id=\"909707a\" data-element_type=\"container\" data-e-type=\"container\">\n\t\t\t\t<div class=\"elementor-element elementor-element-84b3c93 elementor-widget elementor-widget-text-editor\" data-id=\"84b3c93\" data-element_type=\"widget\" data-e-type=\"widget\" data-widget_type=\"text-editor.default\">\n\t\t\t\t<div class=\"elementor-widget-container\">\n\t\t\t\t\t\t\t\t\t<p>En la UMSA encontrar\u00e1n una pluralidad de ideolog\u00edas y pensamientos, por lo que tendr\u00e1n la oportunidad y el desaf\u00edo de aprender a respetar al otro. Aqu\u00ed podr\u00e1n dialogar y debatir con los que piensan diferente. Aqu\u00ed queremos que ejerzan la generosidad, la solidaridad, el servicio a los m\u00e1s desprotegidos.<\/p>\t\t\t\t\t\t\t\t<\/div>\n\t\t\t\t<\/div>\n\t\t\t\t<\/div>\n\t\t<div class=\"elementor-element elementor-element-25ddde2 e-con-full e-flex e-con e-child\" data-id=\"25ddde2\" data-element_type=\"container\" data-e-type=\"container\">\n\t\t\t\t<div class=\"elementor-element elementor-element-9a11405 elementor-widget elementor-widget-text-editor\" data-id=\"9a11405\" data-element_type=\"widget\" data-e-type=\"widget\" data-widget_type=\"text-editor.default\">\n\t\t\t\t<div class=\"elementor-widget-container\">\n\t\t\t\t\t\t\t\t\t<p>Frente al reto, deben estar conscientes de la importancia de su preparaci\u00f3n y de las oportunidades que para ustedes se abren al ser parte de la gran Facultad de Ciencias Farmac\u00e9uticas y Bioqu\u00edmicas, instituci\u00f3n que trabaja para desarrollar plenamente sus potencialidades y talentos.<\/p>\t\t\t\t\t\t\t\t<\/div>\n\t\t\t\t<\/div>\n\t\t\t\t<\/div>\n\t\t\t\t\t<\/div>\n\t\t\t\t<\/div>\n\t\t<div class=\"elementor-element elementor-element-xvbznnt e-flex e-con-boxed e-con e-parent\" data-id=\"xvbznnt\" data-element_type=\"container\" data-e-type=\"container\" data-settings=\"{&quot;background_background&quot;:&quot;classic&quot;}\">\n\t\t\t\t\t<div class=\"e-con-inner\">\n\t\t\t\t<div class=\"elementor-element elementor-element-99b4f1e elementor-widget elementor-widget-heading\" data-id=\"99b4f1e\" data-element_type=\"widget\" data-e-type=\"widget\" data-widget_type=\"heading.default\">\n\t\t\t\t<div class=\"elementor-widget-container\">\n\t\t\t\t\t<h2 class=\"elementor-heading-title elementor-size-default\">\u201cEducaci\u00f3n basada en evidencia, tecnolog\u00eda y pr\u00e1ctica aplicada.\u201d<\/h2>\t\t\t\t<\/div>\n\t\t\t\t<\/div>\n\t\t\t\t\t<\/div>\n\t\t\t\t<\/div>\n\t\t\t\t<\/div>\n\t\t","protected":false},"excerpt":{"rendered":"<p>Bienvenidos Facultad de Ciencias Farmac\u00e9uticas y Bioqu\u00edmicas Les doy la m\u00e1s cordial bienvenida como integrantes de la Universidad Mayor de [&hellip;]<\/p>\n","protected":false},"author":1,"featured_media":0,"parent":0,"menu_order":0,"comment_status":"closed","ping_status":"closed","template":"","meta":{"site-sidebar-layout":"no-sidebar","site-content-layout":"page-builder","ast-site-content-layout":"full-width-container","site-content-style":"default","site-sidebar-style":"default","ast-global-header-display":"","ast-banner-title-visibility":"","ast-main-header-display":"","ast-hfb-above-header-display":"","ast-hfb-below-header-display":"","ast-hfb-mobile-header-display":"","site-post-title":"disabled","ast-breadcrumbs-content":"","ast-featured-img":"disabled","footer-sml-layout":"","ast-disable-related-posts":"","theme-transparent-header-meta":"","adv-header-id-meta":"","stick-header-meta":"","header-above-stick-meta":"","header-main-stick-meta":"","header-below-stick-meta":"","astra-migrate-meta-layouts":"set","ast-page-background-enabled":"default","ast-page-background-meta":{"desktop":{"background-color":"","background-image":"","background-repeat":"repeat","background-position":"center center","background-size":"auto","background-attachment":"scroll","background-type":"","background-media":"","overlay-type":"","overlay-color":"","overlay-opacity":"","overlay-gradient":""},"tablet":{"background-color":"","background-image":"","background-repeat":"repeat","background-position":"center center","background-size":"auto","background-attachment":"scroll","background-type":"","background-media":"","overlay-type":"","overlay-color":"","overlay-opacity":"","overlay-gradient":""},"mobile":{"background-color":"","background-image":"","background-repeat":"repeat","background-position":"center center","background-size":"auto","background-attachment":"scroll","background-type":"","background-media":"","overlay-type":"","overlay-color":"","overlay-opacity":"","overlay-gradient":""}},"ast-content-background-meta":{"desktop":{"background-color":"var(--ast-global-color-5)","background-image":"","background-repeat":"repeat","background-position":"center center","background-size":"auto","background-attachment":"scroll","background-type":"","background-media":"","overlay-type":"","overlay-color":"","overlay-opacity":"","overlay-gradient":""},"tablet":{"background-color":"var(--ast-global-color-5)","background-image":"","background-repeat":"repeat","background-position":"center center","background-size":"auto","background-attachment":"scroll","background-type":"","background-media":"","overlay-type":"","overlay-color":"","overlay-opacity":"","overlay-gradient":""},"mobile":{"background-color":"var(--ast-global-color-5)","background-image":"","background-repeat":"repeat","background-position":"center center","background-size":"auto","background-attachment":"scroll","background-type":"","background-media":"","overlay-type":"","overlay-color":"","overlay-opacity":"","overlay-gradient":""}},"footnotes":""},"class_list":["post-1211","page","type-page","status-publish","hentry"],"_links":{"self":[{"href":"https:\/\/fcfb.farbio.edu.bo\/index.php?rest_route=\/wp\/v2\/pages\/1211","targetHints":{"allow":["GET"]}}],"collection":[{"href":"https:\/\/fcfb.farbio.edu.bo\/index.php?rest_route=\/wp\/v2\/pages"}],"about":[{"href":"https:\/\/fcfb.farbio.edu.bo\/index.php?rest_route=\/wp\/v2\/types\/page"}],"author":[{"embeddable":true,"href":"https:\/\/fcfb.farbio.edu.bo\/index.php?rest_route=\/wp\/v2\/users\/1"}],"replies":[{"embeddable":true,"href":"https:\/\/fcfb.farbio.edu.bo\/index.php?rest_route=%2Fwp%2Fv2%2Fcomments&post=1211"}],"version-history":[{"count":0,"href":"https:\/\/fcfb.farbio.edu.bo\/index.php?rest_route=\/wp\/v2\/pages\/1211\/revisions"}],"wp:attachment":[{"href":"https:\/\/fcfb.farbio.edu.bo\/index.php?rest_route=%2Fwp%2Fv2%2Fmedia&parent=1211"}],"curies":[{"name":"wp","href":"https:\/\/api.w.org\/{rel}","templated":true}]}}